{"id":78,"date":"2024-12-02T18:49:43","date_gmt":"2024-12-02T18:49:43","guid":{"rendered":"https:\/\/miquelmasfiol.com\/?page_id=78"},"modified":"2026-01-02T17:43:42","modified_gmt":"2026-01-02T17:43:42","slug":"sobre-mi","status":"publish","type":"page","link":"https:\/\/miquelmasfiol.com\/es\/sobre-mi\/","title":{"rendered":"Sobre mi"},"content":{"rendered":"","protected":false},"excerpt":{"rendered":"","protected":false},"author":1,"featured_media":0,"parent":0,"menu_order":1,"comment_status":"closed","ping_status":"closed","template":"","meta":[],"class_list":["post-78","page","type-page","status-publish","hentry"],"grid":"{\r\n  \"colCount\": 15,\r\n  \"colGutter\": 2.8,\r\n  \"rowGutters\": [],\r\n  \"frameMargin\": 5,\r\n  \"leftFrameMargin\": 4,\r\n  \"rightFrameMargin\": 4,\r\n  \"topFrameMargin\": 140,\r\n  \"mus\": {\r\n    \"colGutterMu\": \"%\",\r\n    \"rowGutterMu\": \"%\",\r\n    \"topFrameMu\": \"px\",\r\n    \"bottomFrameMu\": \"%\",\r\n    \"frameMu\": \"%\"\r\n  },\r\n  \"bottomFrameMargin\": 4,\r\n  \"rowAttrs\": [\r\n    {\r\n      \"rowcustomheight\": \"\",\r\n      \"relid\": 1\r\n    }\r\n  ],\r\n  \"bgColor\": \"#ffffff\",\r\n  \"bgImage\": null,\r\n  \"cont\": [\r\n    {\r\n      \"type\": \"img\",\r\n      \"cont\": \"\/wp-content\/uploads\/2024\/12\/BonaMiquelMSirisi.jpg\",\r\n      \"align\": \"top\",\r\n      \"row\": 0,\r\n      \"col\": 0,\r\n      \"colspan\": 5,\r\n      \"offsetx\": 0,\r\n      \"offsety\": 0,\r\n      \"spaceabove\": 0,\r\n      \"spacebelow\": 0,\r\n      \"yvel\": 1,\r\n      \"push\": 0,\r\n      \"relid\": 5,\r\n      \"attid\": 141,\r\n      \"sizes\": {\r\n        \"full\": \"\/wp-content\/uploads\/2024\/12\/BonaMiquelMSirisi.jpg\",\r\n        \"_768\": \"\/wp-content\/uploads\/2024\/12\/BonaMiquelMSirisi-768x1032.jpg\",\r\n        \"_512\": \"\/wp-content\/uploads\/2024\/12\/BonaMiquelMSirisi-512x688.jpg\",\r\n        \"_265\": \"\/wp-content\/uploads\/2024\/12\/BonaMiquelMSirisi-265x356.jpg\"\r\n      },\r\n      \"w\": 915,\r\n      \"h\": 1229,\r\n      \"ar\": 1.3431693989071039,\r\n      \"alt\": \"\",\r\n      \"absolute_position\": false,\r\n      \"zIndex\": 0,\r\n      \"dosync\": false\r\n    },\r\n    {\r\n      \"type\": \"text\",\r\n      \"cont\": \"<h5 style=\\\"line-height: 1.7;\\\"><span style=\\\"font-family: SharpGroteskBold18; font-size: 45px; color: #000000; letter-spacing: 0em;\\\">MI TRAYECTORIA<\/span><br \/><span style=\\\"font-size: 16px; color: #000000;\\\">Em vaig criar en un poble de Mallorca fent teatre amateur per tota l'illa, amb cadires blanques, nins jugant amb petards de fons i molt d'humor. S\u00f3c fill d'un teatre popular que atrau tota mena de p\u00fablics, i crec que hi ha alguna cosa del meu estil que mant\u00e9 aquesta filosofia de voler passar-ho b\u00e9. Amb 20 anys vaig guanyar una beca per estudiar a l'Obrador de la Sala Beckett amb Sergi Belbel, i des d\u2019aleshores no he deixat d\u2019escriure. El 2019, despr\u00e9s d\u2019acabar Publicitat i Relacions P\u00fabliques a la Universitat Pompeu Fabra, vaig estudiar Dramat\u00fargia i Direcci\u00f3 a l\u2019Institut del Teatre de Barcelona. Des d\u2019aquell moment, m\u2019he especialitzat en escriure, dirigir i adaptar tot tipus d\u2019espectacles i en apostar per un teatre popular i cr\u00edtic, que, sobretot, apropi les noves generacions a les platees.<\/span><\/h5><h5 style=\\\"line-height: 1.7;\\\"><span style=\\\"font-size: 16px; color: #000000;\\\">Entre el 2022 i el 2025 he tingut la sort de ser el Director Resident del Teatre Tantarantana de Barcelona, on he pogut estrenar i provar els meus textos i explorar els meus projectes teatrals.<\/span><\/h5><h5 style=\\\"line-height: 1.7;\\\"><span style=\\\"font-size: 16px; color: #000000;\\\">Algunes de les obres m\u00e9s destacades que he escrit i dirigit i que han tingut molt bona acollida tant per part de la cr\u00edtica com del p\u00fablic han estat <em>S\u2019inunda Ven\u00e8cia<\/em>, <em>Primavera de b\u00e8sties<\/em>, <em>Souvenir<\/em>, <em>CR#SH Tothom pot caure<\/em>, <em>Sa Pesta 2020<\/em> o la Trilogia de la Condici\u00f3 Millennial, amb els espectacles <em>C\u00e0ndid o l\u2019optimisme<\/em> (versi\u00f3 lliure de la novel\u00b7la de Voltaire), <em>Les Penes del Jove Werther <\/em>(adaptaci\u00f3 de l\u2019obra de Goethe) i <em>Els Miserables<\/em>, a partir del cl\u00e0ssic de V\u00edctor Hugo. Totes aquestes obres s'han pogut representar a llocs com Catalunya, a les Balears, a altres territoris de l'estat espanyol, aix\u00ed com a Uruguai, Argentina i Per\u00fa.<\/span><\/h5><h5 style=\\\"line-height: 1.7;\\\"><span style=\\\"font-size: 16px; color: #000000;\\\">Tamb\u00e9 he rebut alguns guardons d\u2019inter\u00e8s, com el Premi Mediterrani Pare Colom 2020, el Premi Lloren\u00e7 Moy\u00e0 d\u2019Obres Dram\u00e0tiques, i diverses nominacions als Premis Teatre Barcelona i als Premis de la Cr\u00edtica.<br \/><br \/><\/span><\/h5><hr style=\\\"border: 0; height: 1px; background-color: #000000;\\\" \/><h5 style=\\\"line-height: 1.7;\\\"><span style=\\\"font-family: SharpGroteskBold18; font-size: 45px; color: #000000; letter-spacing: 0em;\\\">LA MEVA ESCRIPTURA<\/span><br \/><span style=\\\"font-family: 'helvetica neue', sans-serif;\\\"><span style=\\\"font-size: 16px; color: #000000;\\\">La meva escriptura sempre ha estat lligada a la com\u00e8dia \u00e0cida i a la den\u00fancia de la hipocresia social. Estudiant Publicitat, vaig descobrir un concepte fascinant: l'\\\"insight comunicatiu\\\". Un <em>insight<\/em> s\u00f3n aquells pensaments, sovint ocults, que tots hem tingut per\u00f2 que ens fa por expressar en p\u00fablic. S\u00f3n desitjos compartits que no volem verbalitzar i que camuflem amb la m\u00e0scara social. El meu teatre gira al voltant de desvetllar aquests <em>insights<\/em> i de treure les caretes a les nostres pr\u00f2pies contradiccions a trav\u00e9s de l\u2019humor.<br \/><\/span><\/span><\/h5><hr style=\\\"border: 0; height: 1px; background-color: #000000;\\\" \/><p style=\\\"line-height: 1.4;\\\"><span style=\\\"font-family: 'helvetica neue', sans-serif; color: #000000;\\\"><br \/><span style=\\\"font-family: HelveticaNeueLTStd-Hv; font-size: 17px; color: #000000; letter-spacing: 0em;\\\">Miquel Mas Fiol<\/span><br \/><span style=\\\"font-size: 16px; color: #000000;\\\">(+34) 678 02 29 14<\/span><br \/><span style=\\\"font-size: 16px; color: #000000;\\\">hola@miquelmasfiol.com<\/span><br \/><br \/><span style=\\\"font-size: 16px; color: #000000;\\\"><a style=\\\"color: #000000;\\\" rel=\\\"noopener\\\" href=\\\"https:\/\/www.instagram.com\/miquelmaus\\\" target=\\\"_blank\\\">Instagram<\/a><\/span><br \/><span style=\\\"font-size: 16px; color: #000000;\\\">Twitter<\/span><\/span><\/p>\",\r\n      \"align\": \"top\",\r\n      \"row\": 0,\r\n      \"col\": 5,\r\n      \"colspan\": 9,\r\n      \"offsetx\": 0,\r\n      \"offsety\": -1.7,\r\n      \"spaceabove\": 0,\r\n      \"spacebelow\": 0,\r\n      \"yvel\": 1,\r\n      \"push\": 0,\r\n      \"relid\": 6,\r\n      \"absolute_position\": false,\r\n      \"dosync\": false\r\n    }\r\n  ]\r\n}","phonegrid":"{\r\n  \"colCount\": 12,\r\n  \"colGutter\": 1,\r\n  \"rowGutters\": [\r\n    5\r\n  ],\r\n  \"frameMargin\": 5,\r\n  \"topFrameMargin\": 5,\r\n  \"rightFrameMargin\": 5,\r\n  \"bottomFrameMargin\": 5,\r\n  \"leftFrameMargin\": 5,\r\n  \"mus\": {\r\n    \"colGutterMu\": \"%\",\r\n    \"rowGutterMu\": \"%\",\r\n    \"topFrameMu\": \"%\",\r\n    \"bottomFrameMu\": \"%\",\r\n    \"frameMu\": \"%\"\r\n  },\r\n  \"rowAttrs\": [\r\n    {\r\n      \"relid\": 4\r\n    },\r\n    {\r\n      \"relid\": 7\r\n    }\r\n  ],\r\n  \"bgColor\": \"#ffffff\",\r\n  \"bgImage\": null,\r\n  \"cont\": [\r\n    {\r\n      \"type\": \"img\",\r\n      \"cont\": \"\/wp-content\/uploads\/2024\/12\/BonaMiquelMSirisi.jpg\",\r\n      \"align\": \"bottom\",\r\n      \"row\": 0,\r\n      \"col\": 0,\r\n      \"colspan\": 12,\r\n      \"offsetx\": 0,\r\n      \"offsety\": 0,\r\n      \"spaceabove\": 0,\r\n      \"spacebelow\": 0,\r\n      \"yvel\": 1,\r\n      \"push\": 0,\r\n      \"relid\": 5,\r\n      \"attid\": 141,\r\n      \"sizes\": {\r\n        \"full\": \"\/wp-content\/uploads\/2024\/12\/BonaMiquelMSirisi.jpg\",\r\n        \"_768\": \"\/wp-content\/uploads\/2024\/12\/BonaMiquelMSirisi-768x1032.jpg\",\r\n        \"_512\": \"\/wp-content\/uploads\/2024\/12\/BonaMiquelMSirisi-512x688.jpg\",\r\n        \"_265\": \"\/wp-content\/uploads\/2024\/12\/BonaMiquelMSirisi-265x356.jpg\"\r\n      },\r\n      \"w\": 915,\r\n      \"h\": 1229,\r\n      \"ar\": 1.3431693989071039,\r\n      \"alt\": \"\",\r\n      \"absolute_position\": false,\r\n      \"zIndex\": 0,\r\n      \"dosync\": false\r\n    },\r\n    {\r\n      \"type\": \"text\",\r\n      \"cont\": \"<h5 style=\\\"line-height: 1.7;\\\"><span style=\\\"font-family: SharpGroteskBold18; font-size: 35px; color: #000000; letter-spacing: 0em;\\\">LA MEVA TRAJECT\u00d3RIA<\/span><br \/><span style=\\\"font-size: 16px; color: #000000;\\\">Em vaig criar en un poble de Mallorca fent teatre amateur per tota l'illa, amb cadires blanques, nins jugant amb petards de fons i molt d'humor. S\u00f3c fill d'un teatre popular que atrau tota mena de p\u00fablics, i crec que hi ha alguna cosa del meu estil que mant\u00e9 aquesta filosofia de voler passar-ho b\u00e9. Amb 20 anys vaig guanyar una beca per estudiar a l'Obrador de la Sala Beckett amb Sergi Belbel, i des d\u2019aleshores no he deixat d\u2019escriure. El 2019, despr\u00e9s d\u2019acabar Publicitat i Relacions P\u00fabliques a la Universitat Pompeu Fabra, vaig estudiar Dramat\u00fargia i Direcci\u00f3 a l\u2019Institut del Teatre de Barcelona. Des d\u2019aquell moment, m\u2019he especialitzat en escriure, dirigir i adaptar tot tipus d\u2019espectacles i en apostar per un teatre popular i cr\u00edtic, que, sobretot, apropi les noves generacions a les platees.<\/span><\/h5><h5 style=\\\"line-height: 1.7;\\\"><span style=\\\"font-size: 16px; color: #000000;\\\">Entre el 2022 i el 2025 he tingut la sort de ser el Director Resident del Teatre Tantarantana de Barcelona, on he pogut estrenar i provar els meus textos i explorar els meus projectes teatrals.<\/span><\/h5><h5 style=\\\"line-height: 1.7;\\\"><span style=\\\"font-size: 16px; color: #000000;\\\">Algunes de les obres m\u00e9s destacades que he escrit i dirigit i que han tingut molt bona acollida tant per part de la cr\u00edtica com del p\u00fablic han estat <em>S\u2019inunda Ven\u00e8cia<\/em>, <em>Primavera de b\u00e8sties<\/em>, <em>Souvenir<\/em>, <em>CR#SH Tothom pot caure<\/em>, <em>Sa Pesta 2020<\/em> o la Trilogia de la Condici\u00f3 Millennial, amb els espectacles <em>C\u00e0ndid o l\u2019optimisme<\/em> (versi\u00f3 lliure de la novel\u00b7la de Voltaire), <em>Les Penes del Jove Werther <\/em>(adaptaci\u00f3 de l\u2019obra de Goethe) i <em>Els Miserables<\/em>, a partir del cl\u00e0ssic de V\u00edctor Hugo. Totes aquestes obres s'han pogut representar a llocs com Catalunya, a les Balears, a altres territoris de l'estat espanyol, aix\u00ed com a Uruguai, Argentina i Per\u00fa.<\/span><\/h5><h5 style=\\\"line-height: 1.7;\\\"><span style=\\\"font-size: 16px; color: #000000;\\\">Tamb\u00e9 he rebut alguns guardons d\u2019inter\u00e8s, com el Premi Mediterrani Pare Colom 2020, el Premi Lloren\u00e7 Moy\u00e0 d\u2019Obres Dram\u00e0tiques, i diverses nominacions als Premis Teatre Barcelona i als Premis de la Cr\u00edtica.<br \/><br \/><\/span><\/h5><hr style=\\\"border: 0; height: 1px; background-color: #000000;\\\" \/><h5 style=\\\"line-height: 1.7;\\\"><span style=\\\"font-family: SharpGroteskBold18; font-size: 35px; color: #000000; letter-spacing: 0em;\\\">LA MEVA ESCRIPTURA<\/span><br \/><span style=\\\"font-family: 'helvetica neue', sans-serif;\\\"><span style=\\\"font-size: 16px; color: #000000;\\\">La meva escriptura sempre ha estat lligada a la com\u00e8dia \u00e0cida i a la den\u00fancia de la hipocresia social. Estudiant Publicitat, vaig descobrir un concepte fascinant: l'\\\"insight comunicatiu\\\". Un <em>insight<\/em> s\u00f3n aquells pensaments, sovint ocults, que tots hem tingut per\u00f2 que ens fa por expressar en p\u00fablic. S\u00f3n desitjos compartits que no volem verbalitzar i que camuflem amb la m\u00e0scara social. El meu teatre gira al voltant de desvetllar aquests <em>insights<\/em> i de treure les caretes a les nostres pr\u00f2pies contradiccions a trav\u00e9s de l\u2019humor.<br \/><\/span><\/span><\/h5><hr style=\\\"border: 0; height: 1px; background-color: #000000;\\\" \/><p style=\\\"line-height: 1.4;\\\"><span style=\\\"font-family: 'helvetica neue', sans-serif; color: #000000;\\\"><br \/><span style=\\\"font-family: HelveticaNeueLTStd-Hv; font-size: 17px; color: #000000; letter-spacing: 0em;\\\">Miquel Mas Fiol<\/span><br \/><span style=\\\"font-size: 16px; color: #000000;\\\">(+34) 678 02 29 14<\/span><br \/><span style=\\\"font-size: 16px; color: #000000;\\\">hola@miquelmasfiol.com<\/span><br \/><br \/><span style=\\\"font-size: 16px; color: #000000;\\\"><a style=\\\"color: #000000;\\\" rel=\\\"noopener\\\" href=\\\"https:\/\/www.instagram.com\/miquelmaus\\\" target=\\\"_blank\\\">Instagram<\/a><\/span><br \/><span style=\\\"font-size: 16px; color: #000000;\\\">Twitter<br \/><\/span><\/span><\/p><hr style=\\\"border: 0; height: 1px; background-color: #000000;\\\" \/><p style=\\\"line-height: 1.4;\\\">\u00a0<\/p>\",\r\n      \"align\": \"bottom\",\r\n      \"row\": 1,\r\n      \"col\": 0,\r\n      \"colspan\": 12,\r\n      \"offsetx\": 0,\r\n      \"offsety\": 0,\r\n      \"spaceabove\": 0,\r\n      \"spacebelow\": 0,\r\n      \"yvel\": 1,\r\n      \"push\": 0,\r\n      \"relid\": 6,\r\n      \"absolute_position\": false,\r\n      \"dosync\": false\r\n    }\r\n  ]\r\n}","_links":{"self":[{"href":"https:\/\/miquelmasfiol.com\/es\/wp-json\/wp\/v2\/pages\/78","targetHints":{"allow":["GET"]}}],"collection":[{"href":"https:\/\/miquelmasfiol.com\/es\/wp-json\/wp\/v2\/pages"}],"about":[{"href":"https:\/\/miquelmasfiol.com\/es\/wp-json\/wp\/v2\/types\/page"}],"author":[{"embeddable":true,"href":"https:\/\/miquelmasfiol.com\/es\/wp-json\/wp\/v2\/users\/1"}],"replies":[{"embeddable":true,"href":"https:\/\/miquelmasfiol.com\/es\/wp-json\/wp\/v2\/comments?post=78"}],"version-history":[{"count":0,"href":"https:\/\/miquelmasfiol.com\/es\/wp-json\/wp\/v2\/pages\/78\/revisions"}],"wp:attachment":[{"href":"https:\/\/miquelmasfiol.com\/es\/wp-json\/wp\/v2\/media?parent=78"}],"curies":[{"name":"wp","href":"https:\/\/api.w.org\/{rel}","templated":true}]}}